{"id":2567,"date":"2021-11-11T13:55:42","date_gmt":"2021-11-11T12:55:42","guid":{"rendered":"https:\/\/auditaris.com\/sol%c2%b7licitar-pressupost\/"},"modified":"2022-07-14T09:57:18","modified_gmt":"2022-07-14T07:57:18","slug":"sol%c2%b7licitar-pressupost","status":"publish","type":"page","link":"https:\/\/auditaris.com\/ca\/sol%c2%b7licitar-pressupost\/","title":{"rendered":"Sol\u00b7licitar pressupost"},"content":{"rendered":"\t\t<div data-elementor-type=\"wp-page\" data-elementor-id=\"2567\" class=\"elementor elementor-2567 elementor-73\" data-elementor-post-type=\"page\">\n\t\t\t\t\t\t<section class=\"elementor-section elementor-top-section elementor-element elementor-element-098654b elementor-section-height-min-height elementor-section-boxed elementor-section-height-default elementor-section-items-middle\" data-id=\"098654b\" data-element_type=\"section\" data-e-type=\"section\" data-settings=\"{&quot;background_background&quot;:&quot;classic&quot;}\">\n\t\t\t\t\t\t\t<div class=\"elementor-background-overlay\"><\/div>\n\t\t\t\t\t\t\t<div class=\"elementor-container elementor-column-gap-default\">\n\t\t\t\t\t<div class=\"elementor-column elementor-col-100 elementor-top-column elementor-element elementor-element-745d46b\" data-id=\"745d46b\" data-element_type=\"column\" data-e-type=\"column\">\n\t\t\t<div class=\"elementor-widget-wrap elementor-element-populated\">\n\t\t\t\t\t\t<section class=\"elementor-section elementor-inner-section elementor-element elementor-element-be4e7d8 elementor-section-boxed elementor-section-height-default elementor-section-height-default\" data-id=\"be4e7d8\" data-element_type=\"section\" data-e-type=\"section\" data-settings=\"{&quot;background_background&quot;:&quot;classic&quot;}\">\n\t\t\t\t\t\t<div class=\"elementor-container elementor-column-gap-default\">\n\t\t\t\t\t<div class=\"elementor-column elementor-col-100 elementor-inner-column elementor-element elementor-element-a894e6c\" data-id=\"a894e6c\" data-element_type=\"column\" data-e-type=\"column\">\n\t\t\t<div class=\"elementor-widget-wrap elementor-element-populated\">\n\t\t\t\t\t\t<div class=\"elementor-element elementor-element-00d6242 elementor-widget__width-auto elementor-widget elementor-widget-heading\" data-id=\"00d6242\" data-element_type=\"widget\" data-e-type=\"widget\" data-widget_type=\"heading.default\">\n\t\t\t\t<div class=\"elementor-widget-container\">\n\t\t\t\t\t<h1 class=\"elementor-heading-title elementor-size-default\">Sol\u00b7licitar pressupost<\/h1>\t\t\t\t<\/div>\n\t\t\t\t<\/div>\n\t\t\t\t\t<\/div>\n\t\t<\/div>\n\t\t\t\t\t<\/div>\n\t\t<\/section>\n\t\t\t\t\t<\/div>\n\t\t<\/div>\n\t\t\t\t\t<\/div>\n\t\t<\/section>\n\t\t\t\t<section class=\"elementor-section elementor-top-section elementor-element elementor-element-fa6067c elementor-section-boxed elementor-section-height-default elementor-section-height-default\" data-id=\"fa6067c\" data-element_type=\"section\" data-e-type=\"section\">\n\t\t\t\t\t\t<div class=\"elementor-container elementor-column-gap-default\">\n\t\t\t\t\t<div class=\"elementor-column elementor-col-100 elementor-top-column elementor-element elementor-element-5265250\" data-id=\"5265250\" data-element_type=\"column\" data-e-type=\"column\">\n\t\t\t<div class=\"elementor-widget-wrap elementor-element-populated\">\n\t\t\t\t\t\t<div class=\"elementor-element elementor-element-6eb88f0 elementor-button-align-stretch elementor-widget elementor-widget-form\" data-id=\"6eb88f0\" data-element_type=\"widget\" data-e-type=\"widget\" data-settings=\"{&quot;step_next_label&quot;:&quot;Seg\\u00fcent&quot;,&quot;step_previous_label&quot;:&quot;Anterior&quot;,&quot;button_width&quot;:&quot;100&quot;,&quot;step_type&quot;:&quot;number_text&quot;,&quot;step_icon_shape&quot;:&quot;circle&quot;}\" data-widget_type=\"form.default\">\n\t\t\t\t<div class=\"elementor-widget-container\">\n\t\t\t\t\t\t\t<form class=\"elementor-form\" method=\"post\" name=\"Nou formulari\" aria-label=\"Nou formulari\">\n\t\t\t<input type=\"hidden\" name=\"post_id\" value=\"2567\"\/>\n\t\t\t<input type=\"hidden\" name=\"form_id\" value=\"6eb88f0\"\/>\n\t\t\t<input type=\"hidden\" name=\"referer_title\" value=\"\" \/>\n\n\t\t\t\n\t\t\t<div class=\"elementor-form-fields-wrapper elementor-labels-above\">\n\t\t\t\t\t\t\t\t<div class=\"elementor-field-type-checkbox elementor-field-group elementor-column elementor-field-group-field_7fbee5f elementor-col-100\">\n\t\t\t\t\t<div class=\"elementor-field-subgroup  elementor-subgroup-inline\"><span class=\"elementor-field-option\"><input type=\"checkbox\" value=\"Adequaci\u00f3\" id=\"form-field-field_7fbee5f-0\" name=\"form_fields[field_7fbee5f][]\"> <label for=\"form-field-field_7fbee5f-0\">Adequaci\u00f3<\/label><\/span><span class=\"elementor-field-option\"><input type=\"checkbox\" value=\"Manteniment\" id=\"form-field-field_7fbee5f-1\" name=\"form_fields[field_7fbee5f][]\"> <label for=\"form-field-field_7fbee5f-1\">Manteniment<\/label><\/span><span class=\"elementor-field-option\"><input type=\"checkbox\" value=\"Auditoria\" id=\"form-field-field_7fbee5f-2\" name=\"form_fields[field_7fbee5f][]\"> <label for=\"form-field-field_7fbee5f-2\">Auditoria<\/label><\/span><\/div>\t\t\t\t<\/div>\n\t\t\t\t\t\t\t\t<div class=\"elementor-field-type-text elementor-field-group elementor-column elementor-field-group-name elementor-col-25 elementor-field-required elementor-mark-required\">\n\t\t\t\t\t\t\t\t\t\t\t\t<label for=\"form-field-name\" class=\"elementor-field-label\">\n\t\t\t\t\t\t\t\tNom i cognoms del sol\u00b7licitant*\t\t\t\t\t\t\t<\/label>\n\t\t\t\t\t\t\t\t\t\t\t\t\t\t<input size=\"1\" type=\"text\" name=\"form_fields[name]\" id=\"form-field-name\" class=\"elementor-field elementor-size-sm  elementor-field-textual\" required=\"required\">\n\t\t\t\t\t\t\t\t\t\t\t<\/div>\n\t\t\t\t\t\t\t\t<div class=\"elementor-field-type-tel elementor-field-group elementor-column elementor-field-group-email elementor-col-25 elementor-field-required elementor-mark-required\">\n\t\t\t\t\t\t\t\t\t\t\t\t<label for=\"form-field-email\" class=\"elementor-field-label\">\n\t\t\t\t\t\t\t\tTel\u00e8fon*\t\t\t\t\t\t\t<\/label>\n\t\t\t\t\t\t\t\t<input size=\"1\" type=\"tel\" name=\"form_fields[email]\" id=\"form-field-email\" class=\"elementor-field elementor-size-sm  elementor-field-textual\" required=\"required\" pattern=\"[0-9()#&amp;+*-=.]+\" title=\"Only numbers and phone characters (#, -, *, etc) are accepted.\">\n\n\t\t\t\t\t\t<\/div>\n\t\t\t\t\t\t\t\t<div class=\"elementor-field-type-email elementor-field-group elementor-column elementor-field-group-correo elementor-col-25 elementor-field-required elementor-mark-required\">\n\t\t\t\t\t\t\t\t\t\t\t\t<label for=\"form-field-correo\" class=\"elementor-field-label\">\n\t\t\t\t\t\t\t\tE-mail*\t\t\t\t\t\t\t<\/label>\n\t\t\t\t\t\t\t\t\t\t\t\t\t\t<input size=\"1\" type=\"email\" name=\"form_fields[correo]\" id=\"form-field-correo\" class=\"elementor-field elementor-size-sm  elementor-field-textual\" required=\"required\">\n\t\t\t\t\t\t\t\t\t\t\t<\/div>\n\t\t\t\t\t\t\t\t<div class=\"elementor-field-type-text elementor-field-group elementor-column elementor-field-group-field_85cc956 elementor-col-25\">\n\t\t\t\t\t\t\t\t\t\t\t\t<label for=\"form-field-field_85cc956\" class=\"elementor-field-label\">\n\t\t\t\t\t\t\t\tLocalitat\t\t\t\t\t\t\t<\/label>\n\t\t\t\t\t\t\t\t\t\t\t\t\t\t<input size=\"1\" type=\"text\" name=\"form_fields[field_85cc956]\" id=\"form-field-field_85cc956\" class=\"elementor-field elementor-size-sm  elementor-field-textual\">\n\t\t\t\t\t\t\t\t\t\t\t<\/div>\n\t\t\t\t\t\t\t\t<div class=\"elementor-field-type-text elementor-field-group elementor-column elementor-field-group-field_7e262d6 elementor-col-25\">\n\t\t\t\t\t\t\t\t\t\t\t\t<label for=\"form-field-field_7e262d6\" class=\"elementor-field-label\">\n\t\t\t\t\t\t\t\tRa\u00f3 social o Activitat de l'empresa\t\t\t\t\t\t\t<\/label>\n\t\t\t\t\t\t\t\t\t\t\t\t\t\t<input size=\"1\" type=\"text\" name=\"form_fields[field_7e262d6]\" id=\"form-field-field_7e262d6\" class=\"elementor-field elementor-size-sm  elementor-field-textual\">\n\t\t\t\t\t\t\t\t\t\t\t<\/div>\n\t\t\t\t\t\t\t\t<div class=\"elementor-field-type-text elementor-field-group elementor-column elementor-field-group-field_2f48cfa elementor-col-25\">\n\t\t\t\t\t\t\t\t\t\t\t\t<label for=\"form-field-field_2f48cfa\" class=\"elementor-field-label\">\n\t\t\t\t\t\t\t\tC\u00e0rrec de l'empresa\t\t\t\t\t\t\t<\/label>\n\t\t\t\t\t\t\t\t\t\t\t\t\t\t<input size=\"1\" type=\"text\" name=\"form_fields[field_2f48cfa]\" id=\"form-field-field_2f48cfa\" class=\"elementor-field elementor-size-sm  elementor-field-textual\">\n\t\t\t\t\t\t\t\t\t\t\t<\/div>\n\t\t\t\t\t\t\t\t<div class=\"elementor-field-type-text elementor-field-group elementor-column elementor-field-group-field_56dd4e0 elementor-col-25\">\n\t\t\t\t\t\t\t\t\t\t\t\t<label for=\"form-field-field_56dd4e0\" class=\"elementor-field-label\">\n\t\t\t\t\t\t\t\tDirecci\u00f3 de l'empresa\t\t\t\t\t\t\t<\/label>\n\t\t\t\t\t\t\t\t\t\t\t\t\t\t<input size=\"1\" type=\"text\" name=\"form_fields[field_56dd4e0]\" id=\"form-field-field_56dd4e0\" class=\"elementor-field elementor-size-sm  elementor-field-textual\">\n\t\t\t\t\t\t\t\t\t\t\t<\/div>\n\t\t\t\t\t\t\t\t<div class=\"elementor-field-type-number elementor-field-group elementor-column elementor-field-group-field_1507c4d elementor-col-25\">\n\t\t\t\t\t\t\t\t\t\t\t\t<label for=\"form-field-field_1507c4d\" class=\"elementor-field-label\">\n\t\t\t\t\t\t\t\tNombre d'usuaris amb acc\u00e9s a dades\t\t\t\t\t\t\t<\/label>\n\t\t\t\t\t\t\t\t\t<input type=\"number\" name=\"form_fields[field_1507c4d]\" id=\"form-field-field_1507c4d\" class=\"elementor-field elementor-size-sm  elementor-field-textual\" min=\"0\" max=\"\" >\n\t\t\t\t\t\t<\/div>\n\t\t\t\t\t\t\t\t<div class=\"elementor-field-type-number elementor-field-group elementor-column elementor-field-group-field_b276a1e elementor-col-50\">\n\t\t\t\t\t\t\t\t\t\t\t\t<label for=\"form-field-field_b276a1e\" class=\"elementor-field-label\">\n\t\t\t\t\t\t\t\tNombre d'ordinadors o suports automatitzats\t\t\t\t\t\t\t<\/label>\n\t\t\t\t\t\t\t\t\t<input type=\"number\" name=\"form_fields[field_b276a1e]\" id=\"form-field-field_b276a1e\" class=\"elementor-field elementor-size-sm  elementor-field-textual\" min=\"0\" max=\"\" >\n\t\t\t\t\t\t<\/div>\n\t\t\t\t\t\t\t\t<div class=\"elementor-field-type-number elementor-field-group elementor-column elementor-field-group-field_9f8a7a7 elementor-col-50\">\n\t\t\t\t\t\t\t\t\t\t\t\t<label for=\"form-field-field_9f8a7a7\" class=\"elementor-field-label\">\n\t\t\t\t\t\t\t\tNombre de seus on s'exerceix l'activitat\t\t\t\t\t\t\t<\/label>\n\t\t\t\t\t\t\t\t\t<input type=\"number\" name=\"form_fields[field_9f8a7a7]\" id=\"form-field-field_9f8a7a7\" class=\"elementor-field elementor-size-sm  elementor-field-textual\" min=\"0\" max=\"\" >\n\t\t\t\t\t\t<\/div>\n\t\t\t\t\t\t\t\t<div class=\"elementor-field-type-textarea elementor-field-group elementor-column elementor-field-group-message elementor-col-100\">\n\t\t\t\t\t\t\t\t\t\t\t\t<label for=\"form-field-message\" class=\"elementor-field-label\">\n\t\t\t\t\t\t\t\tEscriu aqu\u00ed la teva consulta\t\t\t\t\t\t\t<\/label>\n\t\t\t\t\t\t<textarea class=\"elementor-field-textual elementor-field  elementor-size-sm\" name=\"form_fields[message]\" id=\"form-field-message\" rows=\"4\"><\/textarea>\t\t\t\t<\/div>\n\t\t\t\t\t\t\t\t<div class=\"elementor-field-type-html elementor-field-group elementor-column elementor-field-group-field_03f915a elementor-col-100\">\n\t\t\t\t\t<span class=\"txt-presupuesto\">Protecci\u00f3 de dades personals<br>\nUtilitzarem les vostres dades per enviar pressupostos i enviar comunicacions comercials. Per a m\u00e9s informaci\u00f3 sobre el tractament i els seus drets, consulteu la <a href=\"https:\/\/auditaris.com\/politica-de-privacidad\/\" target=\"_blank\" class=\"black-contacto subrayado\" rel=\"nofollow\">Pol\u00edtica de Privadesa<\/a><\/span>\t\t\t\t<\/div>\n\t\t\t\t\t\t\t\t<div class=\"elementor-field-type-acceptance elementor-field-group elementor-column elementor-field-group-field_4b6196c elementor-col-100\">\n\t\t\t\t\t\t\t\t\t\t\t\t<label for=\"form-field-field_4b6196c\" class=\"elementor-field-label\">\n\t\t\t\t\t\t\t\taccepto consentiment publicitat\t\t\t\t\t\t\t<\/label>\n\t\t\t\t\t\t\t\t<div class=\"elementor-field-subgroup\">\n\t\t\t<span class=\"elementor-field-option\">\n\t\t\t\t<input type=\"checkbox\" name=\"form_fields[field_4b6196c]\" id=\"form-field-field_4b6196c\" class=\"elementor-field elementor-size-sm  elementor-acceptance-field\">\n\t\t\t\t<label for=\"form-field-field_4b6196c\">Accepto el tractament de dades per enviar comunicacions comercials.<\/label>\t\t\t<\/span>\n\t\t<\/div>\n\t\t\t\t\t\t<\/div>\n\t\t\t\t\t\t\t\t<div class=\"elementor-field-type-text\">\n\t\t\t\t\t<input size=\"1\" type=\"text\" name=\"form_fields[field_a525765]\" id=\"form-field-field_a525765\" class=\"elementor-field elementor-size-sm \" style=\"display:none !important;\">\t\t\t\t<\/div>\n\t\t\t\t\t\t\t\t<div class=\"elementor-field-group elementor-column elementor-field-type-submit elementor-col-100 e-form__buttons\">\n\t\t\t\t\t<button class=\"elementor-button elementor-size-sm\" type=\"submit\">\n\t\t\t\t\t\t<span class=\"elementor-button-content-wrapper\">\n\t\t\t\t\t\t\t\t\t\t\t\t\t\t\t<span class=\"elementor-button-icon\">\n\t\t\t\t\t\t\t\t\t<svg aria-hidden=\"true\" class=\"e-font-icon-svg e-far-envelope\" viewBox=\"0 0 512 512\" xmlns=\"http:\/\/www.w3.org\/2000\/svg\"><path d=\"M464 64H48C21.49 64 0 85.49 0 112v288c0 26.51 21.49 48 48 48h416c26.51 0 48-21.49 48-48V112c0-26.51-21.49-48-48-48zm0 48v40.805c-22.422 18.259-58.168 46.651-134.587 106.49-16.841 13.247-50.201 45.072-73.413 44.701-23.208.375-56.579-31.459-73.413-44.701C106.18 199.465 70.425 171.067 48 152.805V112h416zM48 400V214.398c22.914 18.251 55.409 43.862 104.938 82.646 21.857 17.205 60.134 55.186 103.062 54.955 42.717.231 80.509-37.199 103.053-54.947 49.528-38.783 82.032-64.401 104.947-82.653V400H48z\"><\/path><\/svg>\t\t\t\t\t\t\t\t\t\t\t\t\t\t\t\t\t<\/span>\n\t\t\t\t\t\t\t\t\t\t\t\t\t\t\t\t\t\t\t\t\t\t<span class=\"elementor-button-text\">Enviar<\/span>\n\t\t\t\t\t\t\t\t\t\t\t\t\t<\/span>\n\t\t\t\t\t<\/button>\n\t\t\t\t<\/div>\n\t\t\t<\/div>\n\t\t<\/form>\n\t\t\t\t\t\t<\/div>\n\t\t\t\t<\/div>\n\t\t\t\t<div class=\"elementor-element elementor-element-aa4e2e9 elementor-widget elementor-widget-toggle\" data-id=\"aa4e2e9\" data-element_type=\"widget\" data-e-type=\"widget\" data-widget_type=\"toggle.default\">\n\t\t\t\t<div class=\"elementor-widget-container\">\n\t\t\t\t\t\t\t<div class=\"elementor-toggle\">\n\t\t\t\t\t\t\t<div class=\"elementor-toggle-item\">\n\t\t\t\t\t<div id=\"elementor-tab-title-1781\" class=\"elementor-tab-title\" data-tab=\"1\" role=\"button\" aria-controls=\"elementor-tab-content-1781\" aria-expanded=\"false\">\n\t\t\t\t\t\t\t\t\t\t\t\t<span class=\"elementor-toggle-icon elementor-toggle-icon-left\" aria-hidden=\"true\">\n\t\t\t\t\t\t\t\t\t\t\t\t\t\t\t<span class=\"elementor-toggle-icon-closed\"><svg class=\"e-font-icon-svg e-fas-plus\" viewBox=\"0 0 448 512\" xmlns=\"http:\/\/www.w3.org\/2000\/svg\"><path d=\"M416 208H272V64c0-17.67-14.33-32-32-32h-32c-17.67 0-32 14.33-32 32v144H32c-17.67 0-32 14.33-32 32v32c0 17.67 14.33 32 32 32h144v144c0 17.67 14.33 32 32 32h32c17.67 0 32-14.33 32-32V304h144c17.67 0 32-14.33 32-32v-32c0-17.67-14.33-32-32-32z\"><\/path><\/svg><\/span>\n\t\t\t\t\t\t\t\t<span class=\"elementor-toggle-icon-opened\"><svg class=\"elementor-toggle-icon-opened e-font-icon-svg e-fas-angle-double-up\" viewBox=\"0 0 320 512\" xmlns=\"http:\/\/www.w3.org\/2000\/svg\"><path d=\"M177 255.7l136 136c9.4 9.4 9.4 24.6 0 33.9l-22.6 22.6c-9.4 9.4-24.6 9.4-33.9 0L160 351.9l-96.4 96.4c-9.4 9.4-24.6 9.4-33.9 0L7 425.7c-9.4-9.4-9.4-24.6 0-33.9l136-136c9.4-9.5 24.6-9.5 34-.1zm-34-192L7 199.7c-9.4 9.4-9.4 24.6 0 33.9l22.6 22.6c9.4 9.4 24.6 9.4 33.9 0l96.4-96.4 96.4 96.4c9.4 9.4 24.6 9.4 33.9 0l22.6-22.6c9.4-9.4 9.4-24.6 0-33.9l-136-136c-9.2-9.4-24.4-9.4-33.8 0z\"><\/path><\/svg><\/span>\n\t\t\t\t\t\t\t\t\t\t\t\t\t<\/span>\n\t\t\t\t\t\t\t\t\t\t\t\t<a class=\"elementor-toggle-title\" tabindex=\"0\">Veure pol\u00edtica de privadesa<\/a>\n\t\t\t\t\t<\/div>\n\n\t\t\t\t\t<div id=\"elementor-tab-content-1781\" class=\"elementor-tab-content elementor-clearfix\" data-tab=\"1\" role=\"region\" aria-labelledby=\"elementor-tab-title-1781\"><table><tbody><tr><td class=\"gris1\">RESPONSABLE:<\/td><\/tr><tr><td class=\"gris1\">Paco Borderia i Associats SL<\/td><\/tr><tr><td class=\"gris1\">CIF: B96467279<\/td><\/tr><tr><td class=\"gris1\"><span class=\"elementor-icon-list-text\">Avda. Primat Reig, 129, Entres\u00f2l D.<br>46020 Val\u00e8ncia.<\/span><\/td><\/tr><tr><td class=\"gris1\">Tel\u00e8fon: +34 961 059 940<\/td><\/tr> <tr><td class=\"gris1\">e-mail: auditaris@auditaris.com<\/td><\/tr><tr><td> <\/td><\/tr><tr><td class=\"gris2\">FINALITAT:<\/td><\/tr> <tr><td class=\"gris2\">Enviar pressupostos sobre productes i serveis, i comunicacions comercials.<\/td><\/tr><tr><td> <\/td><\/tr><tr><td class=\"gris1\">LEGITIMACI\u00d3:<\/td><\/tr><tr><td class=\"gris1\">El tractament est\u00e0 legitimat per larticle 6 del GDPR: Per consentiment de lUsuari per a la remissi\u00f3 de comunicacions comercials (art. 6.1.a GDPR). Per a la remissi\u00f3 de pressupostos sobre productes i serveis, en base a lexecuci\u00f3 dun contracte o precontracte (art. 6.1.b GDPR).<\/td><\/tr><tr><td> <\/td><\/tr><tr><td class=\"gris2\">DESTINATARIS:<\/td><\/tr><tr><td class=\"gris2\">No est\u00e0 prevista cap comunicaci\u00f3 a tercers excepte per obligaci\u00f3 legal o, si cal per aconseguir les finalitats del tractament, a prove\u00efdors de serveis relacionats amb comunicacions, amb els quals, hi ha contractes de confidencialitat i d&#8217;encarregats.<\/td><\/tr><tr><td class=\"gris1\">DRETS:<\/td><\/tr><tr><td class=\"gris1\">Dret a retirar el consentiment en qualsevol moment i dret d&#8217;acc\u00e9s, rectificaci\u00f3, portabilitat i supressi\u00f3 de les vostres dades, i de limitaci\u00f3 o oposici\u00f3 al tractament.<\/td><\/tr><tr><td> <\/td><\/tr><tr><td class=\"gris2\">INFORMACI\u00d3 ADDICIONAL:<\/td><\/tr> <tr><td class=\"gris2\">M\u00e9s informaci\u00f3 del tractament a la <a class=\"color-contacto subrayado\" href=\"https:\/\/auditaris.com\/politica-de-privacidad\/\" target=\"_blank\" rel=\"nofollow noopener\">Pol\u00edtica de Privadesa<\/a> de forma m\u00e9s ampliada.<\/td><\/tr><\/tbody><\/table><\/div>\n\t\t\t\t<\/div>\n\t\t\t\t\t\t\t\t<\/div>\n\t\t\t\t\t\t<\/div>\n\t\t\t\t<\/div>\n\t\t\t\t\t<\/div>\n\t\t<\/div>\n\t\t\t\t\t<\/div>\n\t\t<\/section>\n\t\t\t\t<\/div>\n\t\t","protected":false},"excerpt":{"rendered":"<p>Inicio Veure pol\u00edtica de privadesa RESPONSABLE: Paco Borderia i Associats SL CIF: B96467279 Avda. Primat Reig, 129, Entres\u00f2l D.46020 Val\u00e8ncia. Tel\u00e8fon: +34 961 059 940 e-mail: auditaris@auditaris.com FINALITAT: Enviar pressupostos sobre productes i serveis, i comunicacions comercials. LEGITIMACI\u00d3: El tractament est\u00e0 legitimat per larticle 6 del GDPR: Per consentiment de lUsuari per a la remissi\u00f3 &#8230; <a title=\"Sol\u00b7licitar pressupost\" class=\"read-more\" href=\"https:\/\/auditaris.com\/ca\/sol%c2%b7licitar-pressupost\/\" aria-label=\"Read more about Sol\u00b7licitar pressupost\">Read more<\/a><\/p>\n","protected":false},"author":2,"featured_media":2464,"parent":0,"menu_order":21,"comment_status":"closed","ping_status":"closed","template":"elementor_header_footer","meta":{"footnotes":""},"class_list":["post-2567","page","type-page","status-publish","has-post-thumbnail"],"ase":null,"_links":{"self":[{"href":"https:\/\/auditaris.com\/ca\/wp-json\/wp\/v2\/pages\/2567","targetHints":{"allow":["GET"]}}],"collection":[{"href":"https:\/\/auditaris.com\/ca\/wp-json\/wp\/v2\/pages"}],"about":[{"href":"https:\/\/auditaris.com\/ca\/wp-json\/wp\/v2\/types\/page"}],"author":[{"embeddable":true,"href":"https:\/\/auditaris.com\/ca\/wp-json\/wp\/v2\/users\/2"}],"replies":[{"embeddable":true,"href":"https:\/\/auditaris.com\/ca\/wp-json\/wp\/v2\/comments?post=2567"}],"version-history":[{"count":1,"href":"https:\/\/auditaris.com\/ca\/wp-json\/wp\/v2\/pages\/2567\/revisions"}],"predecessor-version":[{"id":2568,"href":"https:\/\/auditaris.com\/ca\/wp-json\/wp\/v2\/pages\/2567\/revisions\/2568"}],"wp:featuredmedia":[{"embeddable":true,"href":"https:\/\/auditaris.com\/ca\/wp-json\/wp\/v2\/media\/2464"}],"wp:attachment":[{"href":"https:\/\/auditaris.com\/ca\/wp-json\/wp\/v2\/media?parent=2567"}],"curies":[{"name":"wp","href":"https:\/\/api.w.org\/{rel}","templated":true}]}}